{"id":2,"date":"2010-10-13T09:59:29","date_gmt":"2010-10-13T09:59:29","guid":{"rendered":"http:\/\/blogs.escolacristiana.org\/pac\/?page_id=2"},"modified":"2014-09-30T09:53:35","modified_gmt":"2014-09-30T07:53:35","slug":"documentacio","status":"publish","type":"page","link":"http:\/\/blogs.escolacristiana.org\/pac\/documentacio\/","title":{"rendered":"INFORMACI\u00d3 PER A ESCOLES"},"content":{"rendered":"<p><span style=\"color: #ff6600\"><strong>FULLS DE SOL\u00b7LICITUD &#8211; PAC 2014 &#8211; 2015<\/strong><\/span><\/p>\n<p><a href=\"http:\/\/blogs.escolacristiana.org\/pac\/files\/2010\/10\/1.-Sol\u00b7licitud-dinscripci\u00f3-14-15-EN.xls\">Full de sol\u00b7licitud d&#8217;Auxiliars de Conversa en llengua anglesa<\/a><\/p>\n<p><a href=\"http:\/\/blogs.escolacristiana.org\/pac\/files\/2010\/10\/1.-Sol\u00b7licitud-dinscripci\u00f3-14-15-FR.xls\">Full de sol\u00b7licitud d&#8217;Auxiliars de Conversa en llengua francesa<\/a><\/p>\n<p>&nbsp;<\/p>\n<p><strong><span style=\"color: #ff6600\">GUIES I DOCUMENTS D&#8217;INFORMACI\u00d3 SOBRE EL PROGRAMA AUXILIARS DE CONVERSA<\/span><br \/>\n<\/strong><\/p>\n<p>Cliqueu damunt de cada document per descarregar-lo.<\/p>\n<p><a href=\"http:\/\/blogs.escolacristiana.org\/pac\/files\/2010\/10\/PAC_Triptic2014.pdf\" target=\"_blank\">PAC &#8211; Informaci\u00f3 Programa Auxiliars de Conversa 2014-2015 (tr\u00edptic breu)<\/a><\/p>\n<p><a href=\"http:\/\/blogs.escolacristiana.org\/pac\/files\/2010\/10\/PAC_Guia_Programa.pdf\" target=\"_blank\">PAC &#8211; Guia per a escoles que volen participar al Programa\u00a0<\/a> &#8211; <strong><span style=\"color: #339966\">NOVETAT!!!!<\/span><\/strong><\/p>\n<p><a href=\"http:\/\/blogs.escolacristiana.org\/pac\/files\/2010\/10\/Guia_Tutors.pdf\" target=\"blank_\">PAC &#8211; Guia per als tutors i tutores dels Auxiliars de Conversa<\/a><\/p>\n<p><a href=\"http:\/\/blogs.escolacristiana.org\/pac\/files\/2013\/10\/PAC_Guia-Fam\u00edlies-Acollidores_OCT2013.pdf\" target=\"blank_\">PAC &#8211; Guia per a fam\u00edlies acollidores<\/a><\/p>\n<p><a href=\"http:\/\/blogs.escolacristiana.org\/pac\/files\/2013\/09\/PAC_temes-practics-biling\u00fce_SET13.pdf\">PAC &#8211; Temes pr\u00e0ctics que haur\u00edeu de tractar amb l&#8217;Auxiliar de Conversa<\/a><\/p>\n<p><a href=\"http:\/\/blogs.escolacristiana.org\/pac\/files\/2010\/10\/CAPS.pdf\" target=\"_blank\">PAC &#8211; Presentaci\u00f3 Power Point de Home to Home<\/a><\/p>\n<p><a href=\"http:\/\/blogs.escolacristiana.org\/pac\/files\/2013\/05\/Carta_Fam\u00edlies.doc\" target=\"blank_\">PAC &#8211; Model de circular per a les fam\u00edlies de les escoles<\/a><\/p>\n<p>&nbsp;<\/p>\n<p><span style=\"color: #ff6600\"><strong>TR\u00c0MITS A L&#8217;ARRIBADA DELS AUXILIARS<\/strong><\/span><\/p>\n<p>&#8211; Auxiliars Comunitaris (passaport del Regne Unit, Irlanda, Fran\u00e7a, etc) &#8211; <a href=\"http:\/\/blogs.escolacristiana.org\/pac\/files\/2010\/10\/tramits_NIE_UE.pdf\">Informaci\u00f3<\/a><\/p>\n<p>&#8211; Auxiliars NO comunitaris (EEUU, Canad\u00e0, Austr\u00e0lia, Sud-\u00c0frica&#8230;) &#8211;\u00a0<a href=\"http:\/\/blogs.escolacristiana.org\/pac\/files\/2010\/10\/tramits_NOUE1.pdf\">Informaci\u00f3<\/a><\/p>\n<p>&nbsp;<\/p>\n","protected":false},"excerpt":{"rendered":"<p>FULLS DE SOL\u00b7LICITUD &#8211; PAC 2014 &#8211; 2015<\/p>\n<p>Full de sol\u00b7licitud d&#8217;Auxiliars de Conversa en llengua anglesa<\/p>\n<p>Full de sol\u00b7licitud d&#8217;Auxiliars de Conversa en llengua francesa<\/p>\n<p>&nbsp;<\/p>\n<p>GUIES I DOCUMENTS D&#8217;INFORMACI\u00d3 SOBRE EL PROGRAMA AUXILIARS DE CONVERSA <\/p>\n<p>Cliqueu damunt de cada document per descarregar-lo.<\/p>\n<p>PAC &#8211; Informaci\u00f3 Programa Auxiliars de Conversa 2014-2015 (tr\u00edptic breu)<\/p>\n<p>PAC &#8211; Guia per a escoles que volen participar al Programa &#8211; NOVETAT!!!!<\/p>\n<p>PAC &#8211; Guia per als tutors i tutores dels Auxiliars de Conversa<\/p>\n<p>PAC &#8211; Guia per a fam\u00edlies acollidores<\/p>\n<p>PAC &#8211; Temes pr\u00e0ctics que haur\u00edeu de tractar amb l&#8217;Auxiliar de Conversa<\/p>\n<p>PAC &#8211; Presentaci\u00f3 Power Point de Home to Home<\/p>\n<p>PAC &#8211; Model de circular per a les fam\u00edlies de les escoles<\/p>\n<p>&nbsp;<\/p>\n<p>TR\u00c0MITS A L&#8217;ARRIBADA DELS AUXILIARS<\/p>\n<p>&#8211; Auxiliars Comunitaris (passaport del Regne Unit, Irlanda, Fran\u00e7a, etc) &#8211; Informaci\u00f3<\/p>\n<p>&#8211; Auxiliars NO comunitaris (EEUU, Canad\u00e0, Austr\u00e0lia, Sud-\u00c0frica&#8230;) &#8211; Informaci\u00f3<\/p>\n<p>&nbsp;<\/p>\n","protected":false},"author":6,"featured_media":0,"parent":0,"menu_order":1,"comment_status":"closed","ping_status":"open","template":"","meta":{"footnotes":""},"_links":{"self":[{"href":"http:\/\/blogs.escolacristiana.org\/pac\/wp-json\/wp\/v2\/pages\/2"}],"collection":[{"href":"http:\/\/blogs.escolacristiana.org\/pac\/wp-json\/wp\/v2\/pages"}],"about":[{"href":"http:\/\/blogs.escolacristiana.org\/pac\/wp-json\/wp\/v2\/types\/page"}],"author":[{"embeddable":true,"href":"http:\/\/blogs.escolacristiana.org\/pac\/wp-json\/wp\/v2\/users\/6"}],"replies":[{"embeddable":true,"href":"http:\/\/blogs.escolacristiana.org\/pac\/wp-json\/wp\/v2\/comments?post=2"}],"version-history":[{"count":53,"href":"http:\/\/blogs.escolacristiana.org\/pac\/wp-json\/wp\/v2\/pages\/2\/revisions"}],"predecessor-version":[{"id":1617,"href":"http:\/\/blogs.escolacristiana.org\/pac\/wp-json\/wp\/v2\/pages\/2\/revisions\/1617"}],"wp:attachment":[{"href":"http:\/\/blogs.escolacristiana.org\/pac\/wp-json\/wp\/v2\/media?parent=2"}],"curies":[{"name":"wp","href":"https:\/\/api.w.org\/{rel}","templated":true}]}}